{"id":7404,"date":"2023-04-13T16:22:40","date_gmt":"2023-04-13T14:22:40","guid":{"rendered":"https:\/\/domic-law.com\/?page_id=7404"},"modified":"2023-04-13T16:34:39","modified_gmt":"2023-04-13T14:34:39","slug":"kupnja-i-prodaja-nekretnina-u-hrvatskoj","status":"publish","type":"page","link":"https:\/\/domic-law.com\/hr\/croatian-desk\/kupnja-i-prodaja-nekretnina-u-hrvatskoj\/","title":{"rendered":"Kupnja i prodaja nekretnina u Hrvatskoj"},"content":{"rendered":"\t\t<div data-elementor-type=\"wp-page\" data-elementor-id=\"7404\" class=\"elementor elementor-7404 elementor-7396\" data-elementor-post-type=\"page\">\n\t\t\t\t\t\t\t\t\t<section class=\"elementor-section elementor-top-section elementor-element elementor-element-146e9536 elementor-section-full_width elementor-section-height-min-height elementor-section-height-default elementor-section-items-middle\" data-id=\"146e9536\" data-element_type=\"section\" data-settings=\"{&quot;background_background&quot;:&quot;classic&quot;,&quot;background_motion_fx_motion_fx_scrolling&quot;:&quot;yes&quot;,&quot;background_motion_fx_devices&quot;:[&quot;desktop&quot;,&quot;tablet&quot;,&quot;mobile&quot;]}\">\n\t\t\t\t\t\t\t<div class=\"elementor-background-overlay\"><\/div>\n\t\t\t\t\t\t\t<div class=\"elementor-container elementor-column-gap-default\">\n\t\t\t\t\t<div class=\"elementor-column elementor-col-100 elementor-top-column elementor-element elementor-element-2b1a319\" data-id=\"2b1a319\" data-element_type=\"column\">\n\t\t\t<div class=\"elementor-widget-wrap\">\n\t\t\t\t\t\t\t\t\t<\/div>\n\t\t<\/div>\n\t\t\t\t\t\t\t<\/div>\n\t\t<\/section>\n\t\t\t\t<section class=\"elementor-section elementor-top-section elementor-element elementor-element-6fed61dd elementor-section-boxed elementor-section-height-default elementor-section-height-default\" data-id=\"6fed61dd\" data-element_type=\"section\">\n\t\t\t\t\t\t<div class=\"elementor-container elementor-column-gap-default\">\n\t\t\t\t\t<div class=\"elementor-column elementor-col-100 elementor-top-column elementor-element elementor-element-dfae0c\" data-id=\"dfae0c\" data-element_type=\"column\">\n\t\t\t<div class=\"elementor-widget-wrap elementor-element-populated\">\n\t\t\t\t\t\t\t\t<div class=\"elementor-element elementor-element-34e40520 elementor-widget elementor-widget-heading\" data-id=\"34e40520\" data-element_type=\"widget\" data-widget_type=\"heading.default\">\n\t\t\t\t<div class=\"elementor-widget-container\">\n\t\t\t<h1 class=\"elementor-heading-title elementor-size-default\">Kupnja i prodaja nekretnina u Hrvatskoj<\/h1>\t\t<\/div>\n\t\t\t\t<\/div>\n\t\t\t\t\t<\/div>\n\t\t<\/div>\n\t\t\t\t\t\t\t<\/div>\n\t\t<\/section>\n\t\t\t\t<section class=\"elementor-section elementor-top-section elementor-element elementor-element-6b24042d elementor-section-boxed elementor-section-height-default elementor-section-height-default\" data-id=\"6b24042d\" data-element_type=\"section\">\n\t\t\t\t\t\t<div class=\"elementor-container elementor-column-gap-default\">\n\t\t\t\t\t<div class=\"elementor-column elementor-col-66 elementor-top-column elementor-element elementor-element-3199786d\" data-id=\"3199786d\" data-element_type=\"column\">\n\t\t\t<div class=\"elementor-widget-wrap elementor-element-populated\">\n\t\t\t\t\t\t\t\t<div class=\"elementor-element elementor-element-3daeed73 elementor-widget elementor-widget-text-editor\" data-id=\"3daeed73\" data-element_type=\"widget\" data-widget_type=\"text-editor.default\">\n\t\t\t\t<div class=\"elementor-widget-container\">\n\t\t\t\t\t\t\t<p>Rado \u0107emo vas podr\u017eati pri kupnji izgra\u0111enog ili neizgra\u0111enog zemlji\u0161ta u Hrvatskoj. Pritom za vas provjeravamo vlasni\u010dku strukturu u zemlji\u0161nim knjigama i poma\u017eemo vam u eventualnoj parcelaciji zemlji\u0161ta. Kupoprodajni ugovor, eventualni predugovor i sve ostale popratne dokumente (npr. tabularnu izjavu, primopredajni zapisnik) pripremamo na vi\u0161e jezika. Tako\u0111er \u0107emo rado voditi pregovore s prodavateljem ili kupcem za vas.<\/p><p>Ako potrebno rado \u0107emo vam unaprijed razjasniti prekograni\u010dnu poreznu situaciju u transakciji nekretnine.<\/p>\t\t\t\t\t\t<\/div>\n\t\t\t\t<\/div>\n\t\t\t\t<div class=\"elementor-element elementor-element-180bcd62 elementor-widget elementor-widget-spacer\" data-id=\"180bcd62\" data-element_type=\"widget\" data-widget_type=\"spacer.default\">\n\t\t\t\t<div class=\"elementor-widget-container\">\n\t\t\t\t\t<div class=\"elementor-spacer\">\n\t\t\t<div class=\"elementor-spacer-inner\"><\/div>\n\t\t<\/div>\n\t\t\t\t<\/div>\n\t\t\t\t<\/div>\n\t\t\t\t\t<\/div>\n\t\t<\/div>\n\t\t\t\t<div class=\"elementor-column elementor-col-33 elementor-top-column elementor-element elementor-element-41b29f6\" data-id=\"41b29f6\" data-element_type=\"column\">\n\t\t\t<div class=\"elementor-widget-wrap elementor-element-populated\">\n\t\t\t\t\t\t\t\t<div class=\"elementor-element elementor-element-23a71036 elementor-widget elementor-widget-image\" data-id=\"23a71036\" data-element_type=\"widget\" data-widget_type=\"image.default\">\n\t\t\t\t<div class=\"elementor-widget-container\">\n\t\t\t\t\t\t\t\t\t\t\t\t\t\t\t<img loading=\"lazy\" decoding=\"async\" width=\"515\" height=\"515\" src=\"https:\/\/domic-law.com\/wp-content\/uploads\/2023\/01\/zoran-domic.jpg\" class=\"attachment-medium_large size-medium_large wp-image-6630\" alt=\"Dr. Zoran Domi\u0107\" srcset=\"https:\/\/domic-law.com\/wp-content\/uploads\/2023\/01\/zoran-domic.jpg 515w, https:\/\/domic-law.com\/wp-content\/uploads\/2023\/01\/zoran-domic-300x300.jpg 300w, https:\/\/domic-law.com\/wp-content\/uploads\/2023\/01\/zoran-domic-150x150.jpg 150w\" sizes=\"auto, (max-width: 515px) 100vw, 515px\" \/>\t\t\t\t\t\t\t\t\t\t\t\t\t\t\t<\/div>\n\t\t\t\t<\/div>\n\t\t\t\t<div class=\"elementor-element elementor-element-38b6c850 elementor-widget elementor-widget-spacer\" data-id=\"38b6c850\" data-element_type=\"widget\" data-widget_type=\"spacer.default\">\n\t\t\t\t<div class=\"elementor-widget-container\">\n\t\t\t\t\t<div class=\"elementor-spacer\">\n\t\t\t<div class=\"elementor-spacer-inner\"><\/div>\n\t\t<\/div>\n\t\t\t\t<\/div>\n\t\t\t\t<\/div>\n\t\t\t\t<div class=\"elementor-element elementor-element-3f1b18b7 elementor-widget elementor-widget-text-editor\" data-id=\"3f1b18b7\" data-element_type=\"widget\" data-widget_type=\"text-editor.default\">\n\t\t\t\t<div class=\"elementor-widget-container\">\n\t\t\t\t\t\t\t<p>Dr. Domi\u0107 je prethodno radio u hrvatskom odjelu u jednom velikom njema\u010dkom odvjetni\u010dkom uredu, gdje je bio uklju\u010den u prve velike privatizacije u Hrvatskoj i druge transakcije njema\u010dkih tvrtki u Hrvatskoj. Kasnije je osnovao Croatian desk u drugom odvjetni\u010dkom uredu. Odvjetnik dr. Domi\u0107 ovla\u0161ten je pru\u017eati odvjetni\u010dke usluge u Njema\u010dkoj i u Hrvatskoj.<\/p>\t\t\t\t\t\t<\/div>\n\t\t\t\t<\/div>\n\t\t\t\t<div class=\"elementor-element elementor-element-9270995 elementor-widget elementor-widget-spacer\" data-id=\"9270995\" data-element_type=\"widget\" data-widget_type=\"spacer.default\">\n\t\t\t\t<div class=\"elementor-widget-container\">\n\t\t\t\t\t<div class=\"elementor-spacer\">\n\t\t\t<div class=\"elementor-spacer-inner\"><\/div>\n\t\t<\/div>\n\t\t\t\t<\/div>\n\t\t\t\t<\/div>\n\t\t\t\t\t<\/div>\n\t\t<\/div>\n\t\t\t\t\t\t\t<\/div>\n\t\t<\/section>\n\t\t\t\t<section class=\"elementor-section elementor-top-section elementor-element elementor-element-465d180 elementor-section-boxed elementor-section-height-default elementor-section-height-default\" data-id=\"465d180\" data-element_type=\"section\">\n\t\t\t\t\t\t<div class=\"elementor-container elementor-column-gap-no\">\n\t\t\t\t\t<div class=\"elementor-column elementor-col-100 elementor-top-column elementor-element elementor-element-2c66fe07\" data-id=\"2c66fe07\" data-element_type=\"column\" data-settings=\"{&quot;background_background&quot;:&quot;classic&quot;}\">\n\t\t\t<div class=\"elementor-widget-wrap elementor-element-populated\">\n\t\t\t\t\t\t\t\t<section class=\"elementor-section elementor-inner-section elementor-element elementor-element-27261955 elementor-section-boxed elementor-section-height-default elementor-section-height-default\" data-id=\"27261955\" data-element_type=\"section\" data-settings=\"{&quot;background_background&quot;:&quot;classic&quot;}\">\n\t\t\t\t\t\t<div class=\"elementor-container elementor-column-gap-wider\">\n\t\t\t\t\t<div class=\"elementor-column elementor-col-50 elementor-inner-column elementor-element elementor-element-5c2a0c2\" data-id=\"5c2a0c2\" data-element_type=\"column\">\n\t\t\t<div class=\"elementor-widget-wrap elementor-element-populated\">\n\t\t\t\t\t\t\t\t<div class=\"elementor-element elementor-element-382e864 elementor-widget elementor-widget-heading\" data-id=\"382e864\" data-element_type=\"widget\" data-widget_type=\"heading.default\">\n\t\t\t\t<div class=\"elementor-widget-container\">\n\t\t\t<h4 class=\"elementor-heading-title elementor-size-default\"><span class=\"paint-accent-color\">Kako vam mo\u017eemo pomo\u0107i?<\/span> Samo nam po\u0161aljite e-mail ili nas nazovite.<\/h4>\t\t<\/div>\n\t\t\t\t<\/div>\n\t\t\t\t\t<\/div>\n\t\t<\/div>\n\t\t\t\t<div class=\"elementor-column elementor-col-50 elementor-inner-column elementor-element elementor-element-29a86c3c\" data-id=\"29a86c3c\" data-element_type=\"column\">\n\t\t\t<div class=\"elementor-widget-wrap elementor-element-populated\">\n\t\t\t\t\t\t\t\t<div class=\"elementor-element elementor-element-75241f elementor-align-justify elementor-widget elementor-widget-the7_button_widget\" data-id=\"75241f\" data-element_type=\"widget\" data-widget_type=\"the7_button_widget.default\">\n\t\t\t\t<div class=\"elementor-widget-container\">\n\t\t\t<div class=\"elementor-button-wrapper\"><a href=\"https:\/\/domic-law.com\/hr\/kontakt\/\" class=\"box-button elementor-button elementor-size-xl\">Kontaktirajte nas<\/a><\/div>\t\t<\/div>\n\t\t\t\t<\/div>\n\t\t\t\t\t<\/div>\n\t\t<\/div>\n\t\t\t\t\t\t\t<\/div>\n\t\t<\/section>\n\t\t\t\t\t<\/div>\n\t\t<\/div>\n\t\t\t\t\t\t\t<\/div>\n\t\t<\/section>\n\t\t\t\t\t\t\t<\/div>\n\t\t","protected":false},"excerpt":{"rendered":"<p>Kupnja i prodaja nekretnina u Hrvatskoj Rado \u0107emo vas podr\u017eati pri kupnji izgra\u0111enog ili neizgra\u0111enog zemlji\u0161ta u Hrvatskoj. Pritom za vas provjeravamo vlasni\u010dku strukturu u zemlji\u0161nim knjigama i poma\u017eemo vam u eventualnoj parcelaciji zemlji\u0161ta. Kupoprodajni ugovor, eventualni predugovor i sve ostale popratne dokumente (npr. tabularnu izjavu, primopredajni zapisnik) pripremamo na vi\u0161e jezika. Tako\u0111er \u0107emo rado&hellip;<\/p>\n","protected":false},"author":1,"featured_media":0,"parent":7094,"menu_order":0,"comment_status":"closed","ping_status":"closed","template":"","meta":{"footnotes":""},"class_list":["post-7404","page","type-page","status-publish","hentry"],"yoast_head":"<!-- This site is optimized with the Yoast SEO Premium plugin v20.4 (Yoast SEO v20.5) - https:\/\/yoast.com\/wordpress\/plugins\/seo\/ -->\n<title>Kupnja i prodaja nekretnina u Hrvatskoj - Domi\u0107 Law<\/title>\n<meta name=\"robots\" content=\"index, follow, max-snippet:-1, max-image-preview:large, max-video-preview:-1\" \/>\n<link rel=\"canonical\" href=\"https:\/\/domic-law.com\/hr\/croatian-desk\/kupnja-i-prodaja-nekretnina-u-hrvatskoj\/\" \/>\n<meta property=\"og:locale\" content=\"hr_HR\" \/>\n<meta property=\"og:type\" content=\"article\" \/>\n<meta property=\"og:title\" content=\"Kupnja i prodaja nekretnina u Hrvatskoj\" \/>\n<meta property=\"og:description\" content=\"Kupnja i prodaja nekretnina u Hrvatskoj Rado \u0107emo vas podr\u017eati pri kupnji izgra\u0111enog ili neizgra\u0111enog zemlji\u0161ta u Hrvatskoj. Pritom za vas provjeravamo vlasni\u010dku strukturu u zemlji\u0161nim knjigama i poma\u017eemo vam u eventualnoj parcelaciji zemlji\u0161ta. Kupoprodajni ugovor, eventualni predugovor i sve ostale popratne dokumente (npr. tabularnu izjavu, primopredajni zapisnik) pripremamo na vi\u0161e jezika. Tako\u0111er \u0107emo rado&hellip;\" \/>\n<meta property=\"og:url\" content=\"https:\/\/domic-law.com\/hr\/croatian-desk\/kupnja-i-prodaja-nekretnina-u-hrvatskoj\/\" \/>\n<meta property=\"og:site_name\" content=\"Domi\u0107 Law\" \/>\n<meta property=\"article:modified_time\" content=\"2023-04-13T14:34:39+00:00\" \/>\n<meta property=\"og:image\" content=\"https:\/\/domic-law.com\/wp-content\/uploads\/2023\/01\/zoran-domic.jpg\" \/>\n<script type=\"application\/ld+json\" class=\"yoast-schema-graph\">{\"@context\":\"https:\/\/schema.org\",\"@graph\":[{\"@type\":\"WebPage\",\"@id\":\"https:\/\/domic-law.com\/hr\/croatian-desk\/kupnja-i-prodaja-nekretnina-u-hrvatskoj\/\",\"url\":\"https:\/\/domic-law.com\/hr\/croatian-desk\/kupnja-i-prodaja-nekretnina-u-hrvatskoj\/\",\"name\":\"Kupnja i prodaja nekretnina u Hrvatskoj - Domi\u0107 Law\",\"isPartOf\":{\"@id\":\"https:\/\/domic-law.com\/hr\/#website\"},\"datePublished\":\"2023-04-13T14:22:40+00:00\",\"dateModified\":\"2023-04-13T14:34:39+00:00\",\"breadcrumb\":{\"@id\":\"https:\/\/domic-law.com\/hr\/croatian-desk\/kupnja-i-prodaja-nekretnina-u-hrvatskoj\/#breadcrumb\"},\"inLanguage\":\"hr\",\"potentialAction\":[{\"@type\":\"ReadAction\",\"target\":[\"https:\/\/domic-law.com\/hr\/croatian-desk\/kupnja-i-prodaja-nekretnina-u-hrvatskoj\/\"]}]},{\"@type\":\"BreadcrumbList\",\"@id\":\"https:\/\/domic-law.com\/hr\/croatian-desk\/kupnja-i-prodaja-nekretnina-u-hrvatskoj\/#breadcrumb\",\"itemListElement\":[{\"@type\":\"ListItem\",\"position\":1,\"name\":\"Home\",\"item\":\"https:\/\/domic-law.com\/hr\/\"},{\"@type\":\"ListItem\",\"position\":2,\"name\":\"Croatian Desk\",\"item\":\"https:\/\/domic-law.com\/hr\/croatian-desk\/\"},{\"@type\":\"ListItem\",\"position\":3,\"name\":\"Kupnja i prodaja nekretnina u Hrvatskoj\"}]},{\"@type\":\"WebSite\",\"@id\":\"https:\/\/domic-law.com\/hr\/#website\",\"url\":\"https:\/\/domic-law.com\/hr\/\",\"name\":\"Domi\u0107 Law\",\"description\":\"Dr. Zoran Domi\u0107\",\"publisher\":{\"@id\":\"https:\/\/domic-law.com\/hr\/#organization\"},\"potentialAction\":[{\"@type\":\"SearchAction\",\"target\":{\"@type\":\"EntryPoint\",\"urlTemplate\":\"https:\/\/domic-law.com\/hr\/?s={search_term_string}\"},\"query-input\":\"required name=search_term_string\"}],\"inLanguage\":\"hr\"},{\"@type\":\"Organization\",\"@id\":\"https:\/\/domic-law.com\/hr\/#organization\",\"name\":\"Domi\u0107 Law\",\"url\":\"https:\/\/domic-law.com\/hr\/\",\"logo\":{\"@type\":\"ImageObject\",\"inLanguage\":\"hr\",\"@id\":\"https:\/\/domic-law.com\/hr\/#\/schema\/logo\/image\/\",\"url\":\"https:\/\/domic-law.com\/wp-content\/uploads\/2023\/01\/logo.svg\",\"contentUrl\":\"https:\/\/domic-law.com\/wp-content\/uploads\/2023\/01\/logo.svg\",\"width\":731,\"height\":567,\"caption\":\"Domi\u0107 Law\"},\"image\":{\"@id\":\"https:\/\/domic-law.com\/hr\/#\/schema\/logo\/image\/\"},\"sameAs\":[\"https:\/\/www.xing.com\/profile\/Zoran_Domic\",\"https:\/\/www.linkedin.com\/in\/dr-zoran-domi\u0107-b3240834\/\"]}]}<\/script>\n<!-- \/ Yoast SEO Premium plugin. -->","yoast_head_json":{"title":"Kupnja i prodaja nekretnina u Hrvatskoj - Domi\u0107 Law","robots":{"index":"index","follow":"follow","max-snippet":"max-snippet:-1","max-image-preview":"max-image-preview:large","max-video-preview":"max-video-preview:-1"},"canonical":"https:\/\/domic-law.com\/hr\/croatian-desk\/kupnja-i-prodaja-nekretnina-u-hrvatskoj\/","og_locale":"hr_HR","og_type":"article","og_title":"Kupnja i prodaja nekretnina u Hrvatskoj","og_description":"Kupnja i prodaja nekretnina u Hrvatskoj Rado \u0107emo vas podr\u017eati pri kupnji izgra\u0111enog ili neizgra\u0111enog zemlji\u0161ta u Hrvatskoj. Pritom za vas provjeravamo vlasni\u010dku strukturu u zemlji\u0161nim knjigama i poma\u017eemo vam u eventualnoj parcelaciji zemlji\u0161ta. Kupoprodajni ugovor, eventualni predugovor i sve ostale popratne dokumente (npr. tabularnu izjavu, primopredajni zapisnik) pripremamo na vi\u0161e jezika. Tako\u0111er \u0107emo rado&hellip;","og_url":"https:\/\/domic-law.com\/hr\/croatian-desk\/kupnja-i-prodaja-nekretnina-u-hrvatskoj\/","og_site_name":"Domi\u0107 Law","article_modified_time":"2023-04-13T14:34:39+00:00","og_image":[{"url":"https:\/\/domic-law.com\/wp-content\/uploads\/2023\/01\/zoran-domic.jpg"}],"schema":{"@context":"https:\/\/schema.org","@graph":[{"@type":"WebPage","@id":"https:\/\/domic-law.com\/hr\/croatian-desk\/kupnja-i-prodaja-nekretnina-u-hrvatskoj\/","url":"https:\/\/domic-law.com\/hr\/croatian-desk\/kupnja-i-prodaja-nekretnina-u-hrvatskoj\/","name":"Kupnja i prodaja nekretnina u Hrvatskoj - Domi\u0107 Law","isPartOf":{"@id":"https:\/\/domic-law.com\/hr\/#website"},"datePublished":"2023-04-13T14:22:40+00:00","dateModified":"2023-04-13T14:34:39+00:00","breadcrumb":{"@id":"https:\/\/domic-law.com\/hr\/croatian-desk\/kupnja-i-prodaja-nekretnina-u-hrvatskoj\/#breadcrumb"},"inLanguage":"hr","potentialAction":[{"@type":"ReadAction","target":["https:\/\/domic-law.com\/hr\/croatian-desk\/kupnja-i-prodaja-nekretnina-u-hrvatskoj\/"]}]},{"@type":"BreadcrumbList","@id":"https:\/\/domic-law.com\/hr\/croatian-desk\/kupnja-i-prodaja-nekretnina-u-hrvatskoj\/#breadcrumb","itemListElement":[{"@type":"ListItem","position":1,"name":"Home","item":"https:\/\/domic-law.com\/hr\/"},{"@type":"ListItem","position":2,"name":"Croatian Desk","item":"https:\/\/domic-law.com\/hr\/croatian-desk\/"},{"@type":"ListItem","position":3,"name":"Kupnja i prodaja nekretnina u Hrvatskoj"}]},{"@type":"WebSite","@id":"https:\/\/domic-law.com\/hr\/#website","url":"https:\/\/domic-law.com\/hr\/","name":"Domi\u0107 Law","description":"Dr. Zoran Domi\u0107","publisher":{"@id":"https:\/\/domic-law.com\/hr\/#organization"},"potentialAction":[{"@type":"SearchAction","target":{"@type":"EntryPoint","urlTemplate":"https:\/\/domic-law.com\/hr\/?s={search_term_string}"},"query-input":"required name=search_term_string"}],"inLanguage":"hr"},{"@type":"Organization","@id":"https:\/\/domic-law.com\/hr\/#organization","name":"Domi\u0107 Law","url":"https:\/\/domic-law.com\/hr\/","logo":{"@type":"ImageObject","inLanguage":"hr","@id":"https:\/\/domic-law.com\/hr\/#\/schema\/logo\/image\/","url":"https:\/\/domic-law.com\/wp-content\/uploads\/2023\/01\/logo.svg","contentUrl":"https:\/\/domic-law.com\/wp-content\/uploads\/2023\/01\/logo.svg","width":731,"height":567,"caption":"Domi\u0107 Law"},"image":{"@id":"https:\/\/domic-law.com\/hr\/#\/schema\/logo\/image\/"},"sameAs":["https:\/\/www.xing.com\/profile\/Zoran_Domic","https:\/\/www.linkedin.com\/in\/dr-zoran-domi\u0107-b3240834\/"]}]}},"_links":{"self":[{"href":"https:\/\/domic-law.com\/hr\/wp-json\/wp\/v2\/pages\/7404","targetHints":{"allow":["GET"]}}],"collection":[{"href":"https:\/\/domic-law.com\/hr\/wp-json\/wp\/v2\/pages"}],"about":[{"href":"https:\/\/domic-law.com\/hr\/wp-json\/wp\/v2\/types\/page"}],"author":[{"embeddable":true,"href":"https:\/\/domic-law.com\/hr\/wp-json\/wp\/v2\/users\/1"}],"replies":[{"embeddable":true,"href":"https:\/\/domic-law.com\/hr\/wp-json\/wp\/v2\/comments?post=7404"}],"version-history":[{"count":0,"href":"https:\/\/domic-law.com\/hr\/wp-json\/wp\/v2\/pages\/7404\/revisions"}],"up":[{"embeddable":true,"href":"https:\/\/domic-law.com\/hr\/wp-json\/wp\/v2\/pages\/7094"}],"wp:attachment":[{"href":"https:\/\/domic-law.com\/hr\/wp-json\/wp\/v2\/media?parent=7404"}],"curies":[{"name":"wp","href":"https:\/\/api.w.org\/{rel}","templated":true}]}}